{"id":23,"date":"2026-04-18T11:23:45","date_gmt":"2026-04-18T11:23:45","guid":{"rendered":"https:\/\/www.saintleutv.fr\/?page_id=23"},"modified":"2026-04-18T11:24:22","modified_gmt":"2026-04-18T11:24:22","slug":"a-propos","status":"publish","type":"page","link":"https:\/\/www.saintleutv.fr\/?page_id=23","title":{"rendered":"\u00c0 propos"},"content":{"rendered":"\n<p>ST LEU TV est une association m\u00e9dia r\u00e9unionnaise d\u00e9di\u00e9e \u00e0 la mise en lumi\u00e8re du territoire, de la culture, du patrimoine, des initiatives locales et de celles et ceux qui les font vivre.<\/p>\n","protected":false},"excerpt":{"rendered":"<p>ST LEU TV est une association m\u00e9dia r\u00e9unionnaise d\u00e9di\u00e9e \u00e0 la mise en lumi\u00e8re du territoire, de la culture, du patrimoine, des initiatives locales et de celles et ceux qui les font vivre.<\/p>\n","protected":false},"author":1,"featured_media":0,"parent":0,"menu_order":0,"comment_status":"closed","ping_status":"closed","template":"","meta":{"_kad_post_transparent":"","_kad_post_title":"","_kad_post_layout":"","_kad_post_sidebar_id":"","_kad_post_content_style":"","_kad_post_vertical_padding":"","_kad_post_feature":"","_kad_post_feature_position":"","_kad_post_header":false,"_kad_post_footer":false,"_kad_post_classname":"","footnotes":""},"class_list":["post-23","page","type-page","status-publish","hentry"],"_links":{"self":[{"href":"https:\/\/www.saintleutv.fr\/index.php?rest_route=\/wp\/v2\/pages\/23","targetHints":{"allow":["GET"]}}],"collection":[{"href":"https:\/\/www.saintleutv.fr\/index.php?rest_route=\/wp\/v2\/pages"}],"about":[{"href":"https:\/\/www.saintleutv.fr\/index.php?rest_route=\/wp\/v2\/types\/page"}],"author":[{"embeddable":true,"href":"https:\/\/www.saintleutv.fr\/index.php?rest_route=\/wp\/v2\/users\/1"}],"replies":[{"embeddable":true,"href":"https:\/\/www.saintleutv.fr\/index.php?rest_route=%2Fwp%2Fv2%2Fcomments&post=23"}],"version-history":[{"count":2,"href":"https:\/\/www.saintleutv.fr\/index.php?rest_route=\/wp\/v2\/pages\/23\/revisions"}],"predecessor-version":[{"id":25,"href":"https:\/\/www.saintleutv.fr\/index.php?rest_route=\/wp\/v2\/pages\/23\/revisions\/25"}],"wp:attachment":[{"href":"https:\/\/www.saintleutv.fr\/index.php?rest_route=%2Fwp%2Fv2%2Fmedia&parent=23"}],"curies":[{"name":"wp","href":"https:\/\/api.w.org\/{rel}","templated":true}]}}