{"id":26,"date":"2026-04-18T11:24:56","date_gmt":"2026-04-18T11:24:56","guid":{"rendered":"https:\/\/www.saintleutv.fr\/?page_id=26"},"modified":"2026-04-20T17:22:11","modified_gmt":"2026-04-20T17:22:11","slug":"accueil","status":"publish","type":"page","link":"https:\/\/www.saintleutv.fr\/?page_id=26","title":{"rendered":"Accueil"},"content":{"rendered":"\n<div class=\"wp-block-cover is-light\"><img loading=\"lazy\" decoding=\"async\" width=\"1024\" height=\"398\" class=\"wp-block-cover__image-background wp-image-57 size-large\" alt=\"\" src=\"https:\/\/www.saintleutv.fr\/wp-content\/uploads\/2026\/04\/882-coulee-2026-Fournaise-16-Source-\u00a9-2026-\u2014-Olivier-Lucas-Leclin-1024x398.jpg\" data-object-fit=\"cover\" srcset=\"https:\/\/www.saintleutv.fr\/wp-content\/uploads\/2026\/04\/882-coulee-2026-Fournaise-16-Source-\u00a9-2026-\u2014-Olivier-Lucas-Leclin-1024x398.jpg 1024w, https:\/\/www.saintleutv.fr\/wp-content\/uploads\/2026\/04\/882-coulee-2026-Fournaise-16-Source-\u00a9-2026-\u2014-Olivier-Lucas-Leclin-300x117.jpg 300w, https:\/\/www.saintleutv.fr\/wp-content\/uploads\/2026\/04\/882-coulee-2026-Fournaise-16-Source-\u00a9-2026-\u2014-Olivier-Lucas-Leclin-768x298.jpg 768w, https:\/\/www.saintleutv.fr\/wp-content\/uploads\/2026\/04\/882-coulee-2026-Fournaise-16-Source-\u00a9-2026-\u2014-Olivier-Lucas-Leclin.jpg 1400w\" sizes=\"auto, (max-width: 1024px) 100vw, 1024px\" \/><span aria-hidden=\"true\" class=\"wp-block-cover__background has-background-dim\" style=\"background-color:#7e8999\"><\/span><div class=\"wp-block-cover__inner-container is-layout-constrained wp-block-cover-is-layout-constrained\">\n<p class=\"has-text-align-center has-large-font-size\">ST LEU TV, le m\u00e9dia de proximit\u00e9 qui fait vivre La R\u00e9union<\/p>\n\n\n\n<p>Culture, territoire, \u00e9v\u00e9nements, reportages, \u00e9missions et initiatives locales : ST LEU TV met en lumi\u00e8re ce qui fait battre le c\u0153ur de La R\u00e9union.<\/p>\n<\/div><\/div>\n\n\n\n<div class=\"wp-block-buttons is-layout-flex wp-block-buttons-is-layout-flex\">\n<div class=\"wp-block-button\"><a class=\"wp-block-button__link wp-element-button\" href=\"https:\/\/www.saintleutv.fr\/?page_id=23\">D\u00e9couvrir ST LEU TV<\/a><\/div>\n\n\n\n<div class=\"wp-block-button\"><a class=\"wp-block-button__link wp-element-button\" href=\"https:\/\/www.saintleutv.fr\/?page_id=33\">  Voir les reportages <\/a><\/div>\n<\/div>\n\n\n\n<h2 class=\"wp-block-heading\">Un m\u00e9dia ancr\u00e9, vivant et engag\u00e9<\/h2>\n\n\n\n<p>ST LEU TV est une association m\u00e9dia r\u00e9unionnaise engag\u00e9e dans la valorisation du territoire, de la culture, du patrimoine, des \u00e9v\u00e9nements et des acteurs locaux. \u00c0 travers nos reportages, nos \u00e9missions, nos contenus photo, vid\u00e9o et audio, nous donnons de la visibilit\u00e9 \u00e0 celles et ceux qui font vivre La R\u00e9union au quotidien.<\/p>\n\n\n\n<h2 class=\"wp-block-heading\">Nos univers<\/h2>\n\n\n\n<div class=\"wp-block-columns is-layout-flex wp-container-core-columns-is-layout-9d6595d7 wp-block-columns-is-layout-flex\">\n<div class=\"wp-block-column is-layout-flow wp-block-column-is-layout-flow\">\n<h3 class=\"wp-block-heading\">Actualit\u00e9s<\/h3>\n\n\n\n<p>Retrouvez les derni\u00e8res informations, annonces, nouveaut\u00e9s et temps forts li\u00e9s \u00e0 ST LEU TV et \u00e0 la vie locale.<\/p>\n\n\n\n<figure class=\"wp-block-image size-large\"><img loading=\"lazy\" decoding=\"async\" width=\"1024\" height=\"683\" src=\"https:\/\/www.saintleutv.fr\/wp-content\/uploads\/2026\/04\/WhatsApp-Image-2026-04-20-at-20.25.23-1024x683.jpeg\" alt=\"\" class=\"wp-image-213\" srcset=\"https:\/\/www.saintleutv.fr\/wp-content\/uploads\/2026\/04\/WhatsApp-Image-2026-04-20-at-20.25.23-1024x683.jpeg 1024w, https:\/\/www.saintleutv.fr\/wp-content\/uploads\/2026\/04\/WhatsApp-Image-2026-04-20-at-20.25.23-300x200.jpeg 300w, https:\/\/www.saintleutv.fr\/wp-content\/uploads\/2026\/04\/WhatsApp-Image-2026-04-20-at-20.25.23-768x512.jpeg 768w, https:\/\/www.saintleutv.fr\/wp-content\/uploads\/2026\/04\/WhatsApp-Image-2026-04-20-at-20.25.23.jpeg 1536w\" sizes=\"auto, (max-width: 1024px) 100vw, 1024px\" \/><\/figure>\n<\/div>\n\n\n\n<div class=\"wp-block-column is-layout-flow wp-block-column-is-layout-flow\">\n<h3 class=\"wp-block-heading\">Reportages<\/h3>\n\n\n\n<p>Des contenus de fond pour mettre en lumi\u00e8re les personnes, les lieux, les initiatives, les \u00e9v\u00e9nements et les r\u00e9alit\u00e9s du territoire.<\/p>\n\n\n\n<figure class=\"wp-block-gallery has-nested-images columns-default is-cropped wp-block-gallery-1 is-layout-flex wp-block-gallery-is-layout-flex\">\n<figure class=\"wp-block-image size-large\"><img loading=\"lazy\" decoding=\"async\" width=\"1024\" height=\"683\" data-id=\"214\" src=\"https:\/\/www.saintleutv.fr\/wp-content\/uploads\/2026\/04\/Reportage1.png-1024x683.jpeg\" alt=\"\" class=\"wp-image-214\" srcset=\"https:\/\/www.saintleutv.fr\/wp-content\/uploads\/2026\/04\/Reportage1.png-1024x683.jpeg 1024w, https:\/\/www.saintleutv.fr\/wp-content\/uploads\/2026\/04\/Reportage1.png-300x200.jpeg 300w, https:\/\/www.saintleutv.fr\/wp-content\/uploads\/2026\/04\/Reportage1.png-768x512.jpeg 768w, https:\/\/www.saintleutv.fr\/wp-content\/uploads\/2026\/04\/Reportage1.png.jpeg 1536w\" sizes=\"auto, (max-width: 1024px) 100vw, 1024px\" \/><\/figure>\n<\/figure>\n<\/div>\n\n\n\n<div class=\"wp-block-column is-layout-flow wp-block-column-is-layout-flow\">\n<h3 class=\"wp-block-heading\">\u00c9missions<\/h3>\n\n\n\n<p>Des formats identifi\u00e9s, pens\u00e9s pour donner une voix, une sc\u00e8ne et une visibilit\u00e9 durable aux acteurs de La R\u00e9union.<\/p>\n\n\n\n<figure class=\"wp-block-image size-large\"><img loading=\"lazy\" decoding=\"async\" width=\"1024\" height=\"683\" src=\"https:\/\/www.saintleutv.fr\/wp-content\/uploads\/2026\/04\/emissions-1024x683.jpeg\" alt=\"\" class=\"wp-image-223\" srcset=\"https:\/\/www.saintleutv.fr\/wp-content\/uploads\/2026\/04\/emissions-1024x683.jpeg 1024w, https:\/\/www.saintleutv.fr\/wp-content\/uploads\/2026\/04\/emissions-300x200.jpeg 300w, https:\/\/www.saintleutv.fr\/wp-content\/uploads\/2026\/04\/emissions-768x512.jpeg 768w, https:\/\/www.saintleutv.fr\/wp-content\/uploads\/2026\/04\/emissions.jpeg 1536w\" sizes=\"auto, (max-width: 1024px) 100vw, 1024px\" \/><\/figure>\n<\/div>\n\n\n\n<div class=\"wp-block-column is-layout-flow wp-block-column-is-layout-flow\">\n<h3 class=\"wp-block-heading\">Agenda<\/h3>\n\n\n\n<p>Consultez les \u00e9v\u00e9nements \u00e0 venir, les rendez-vous culturels, les diffusions et les temps forts \u00e0 ne pas manquer.<\/p>\n\n\n\n<figure class=\"wp-block-image size-large\"><img loading=\"lazy\" decoding=\"async\" width=\"1024\" height=\"683\" src=\"https:\/\/www.saintleutv.fr\/wp-content\/uploads\/2026\/04\/agenda--1024x683.jpeg\" alt=\"\" class=\"wp-image-233\" srcset=\"https:\/\/www.saintleutv.fr\/wp-content\/uploads\/2026\/04\/agenda--1024x683.jpeg 1024w, https:\/\/www.saintleutv.fr\/wp-content\/uploads\/2026\/04\/agenda--300x200.jpeg 300w, https:\/\/www.saintleutv.fr\/wp-content\/uploads\/2026\/04\/agenda--768x512.jpeg 768w, https:\/\/www.saintleutv.fr\/wp-content\/uploads\/2026\/04\/agenda-.jpeg 1536w\" sizes=\"auto, (max-width: 1024px) 100vw, 1024px\" \/><\/figure>\n<\/div>\n<\/div>\n\n\n\n<h2 class=\"wp-block-heading\">Les derni\u00e8res actualit\u00e9s<\/h2>\n\n\n\n<p>Retrouvez ici les derni\u00e8res annonces, nouveaut\u00e9s, publications et informations r\u00e9centes li\u00e9es \u00e0 ST LEU TV et \u00e0 la vie du territoire.<\/p>\n\n\n\n<h2 class=\"wp-block-heading\">Reportages \u00e0 la une<\/h2>\n\n\n\n<p>Des contenus de fond pour raconter, transmettre et mettre en lumi\u00e8re les initiatives, les lieux, les personnes et les \u00e9v\u00e9nements qui font vivre La R\u00e9union.<\/p>\n\n\n\n<h2 class=\"wp-block-heading\">\u00c0 venir<\/h2>\n\n\n\n<p>\u00c9v\u00e9nements, rendez-vous, temps forts, diffusions et moments \u00e0 suivre avec ST LEU TV.<\/p>\n\n\n\n<h2 class=\"wp-block-heading\">Collaborer avec ST LEU TV<\/h2>\n\n\n\n<p>Association, organisateur, structure culturelle, institution, porteur de projet ou acteur local : ST LEU TV peut vous accompagner dans la valorisation de vos actions, \u00e9v\u00e9nements et initiatives \u00e0 travers un regard m\u00e9dia de proximit\u00e9.<\/p>\n\n\n\n<div class=\"wp-block-buttons is-layout-flex wp-block-buttons-is-layout-flex\">\n<div class=\"wp-block-button\"><a class=\"wp-block-button__link wp-element-button\" href=\"https:\/\/www.saintleutv.fr\/?page_id=21\">D\u00e9couvrir les partenariats<\/a><\/div>\n<\/div>\n\n\n\n<h2 class=\"wp-block-heading\">Une question, une demande, un projet \u00e0 faire conna\u00eetre ?<\/h2>\n\n\n\n<p>Prenez contact avec ST LEU TV pour toute demande de renseignement, de partenariat ou de couverture m\u00e9dia.<\/p>\n\n\n\n<div class=\"wp-block-buttons is-layout-flex wp-block-buttons-is-layout-flex\">\n<div class=\"wp-block-button\"><a class=\"wp-block-button__link wp-element-button\" href=\"https:\/\/www.saintleutv.fr\/?page_id=19\">Nous contacter<\/a><\/div>\n<\/div>\n\n\n\n<ul class=\"wp-block-social-links is-layout-flex wp-block-social-links-is-layout-flex\"><li class=\"wp-social-link wp-social-link-facebook  wp-block-social-link\"><a href=\"https:\/\/www.facebook.com\/stleutv?locale=fr_FR\" class=\"wp-block-social-link-anchor\" target=\"_blank\" rel=\"noopener\"><svg width=\"24\" height=\"24\" viewBox=\"0 0 24 24\" version=\"1.1\" xmlns=\"http:\/\/www.w3.org\/2000\/svg\" aria-hidden=\"true\" focusable=\"false\"><path d=\"M12 2C6.5 2 2 6.5 2 12c0 5 3.7 9.1 8.4 9.9v-7H7.9V12h2.5V9.8c0-2.5 1.5-3.9 3.8-3.9 1.1 0 2.2.2 2.2.2v2.5h-1.3c-1.2 0-1.6.8-1.6 1.6V12h2.8l-.4 2.9h-2.3v7C18.3 21.1 22 17 22 12c0-5.5-4.5-10-10-10z\"><\/path><\/svg><span class=\"wp-block-social-link-label screen-reader-text\">Facebook<\/span><\/a><\/li>\n\n<li class=\"wp-social-link wp-social-link-instagram  wp-block-social-link\"><a href=\"https:\/\/www.instagram.com\/stleutv\/\" class=\"wp-block-social-link-anchor\" target=\"_blank\" rel=\"noopener\"><svg width=\"24\" height=\"24\" viewBox=\"0 0 24 24\" version=\"1.1\" xmlns=\"http:\/\/www.w3.org\/2000\/svg\" aria-hidden=\"true\" focusable=\"false\"><path d=\"M12,4.622c2.403,0,2.688,0.009,3.637,0.052c0.877,0.04,1.354,0.187,1.671,0.31c0.42,0.163,0.72,0.358,1.035,0.673 c0.315,0.315,0.51,0.615,0.673,1.035c0.123,0.317,0.27,0.794,0.31,1.671c0.043,0.949,0.052,1.234,0.052,3.637 s-0.009,2.688-0.052,3.637c-0.04,0.877-0.187,1.354-0.31,1.671c-0.163,0.42-0.358,0.72-0.673,1.035 c-0.315,0.315-0.615,0.51-1.035,0.673c-0.317,0.123-0.794,0.27-1.671,0.31c-0.949,0.043-1.233,0.052-3.637,0.052 s-2.688-0.009-3.637-0.052c-0.877-0.04-1.354-0.187-1.671-0.31c-0.42-0.163-0.72-0.358-1.035-0.673 c-0.315-0.315-0.51-0.615-0.673-1.035c-0.123-0.317-0.27-0.794-0.31-1.671C4.631,14.688,4.622,14.403,4.622,12 s0.009-2.688,0.052-3.637c0.04-0.877,0.187-1.354,0.31-1.671c0.163-0.42,0.358-0.72,0.673-1.035 c0.315-0.315,0.615-0.51,1.035-0.673c0.317-0.123,0.794-0.27,1.671-0.31C9.312,4.631,9.597,4.622,12,4.622 M12,3 C9.556,3,9.249,3.01,8.289,3.054C7.331,3.098,6.677,3.25,6.105,3.472C5.513,3.702,5.011,4.01,4.511,4.511 c-0.5,0.5-0.808,1.002-1.038,1.594C3.25,6.677,3.098,7.331,3.054,8.289C3.01,9.249,3,9.556,3,12c0,2.444,0.01,2.751,0.054,3.711 c0.044,0.958,0.196,1.612,0.418,2.185c0.23,0.592,0.538,1.094,1.038,1.594c0.5,0.5,1.002,0.808,1.594,1.038 c0.572,0.222,1.227,0.375,2.185,0.418C9.249,20.99,9.556,21,12,21s2.751-0.01,3.711-0.054c0.958-0.044,1.612-0.196,2.185-0.418 c0.592-0.23,1.094-0.538,1.594-1.038c0.5-0.5,0.808-1.002,1.038-1.594c0.222-0.572,0.375-1.227,0.418-2.185 C20.99,14.751,21,14.444,21,12s-0.01-2.751-0.054-3.711c-0.044-0.958-0.196-1.612-0.418-2.185c-0.23-0.592-0.538-1.094-1.038-1.594 c-0.5-0.5-1.002-0.808-1.594-1.038c-0.572-0.222-1.227-0.375-2.185-0.418C14.751,3.01,14.444,3,12,3L12,3z M12,7.378 c-2.552,0-4.622,2.069-4.622,4.622S9.448,16.622,12,16.622s4.622-2.069,4.622-4.622S14.552,7.378,12,7.378z M12,15 c-1.657,0-3-1.343-3-3s1.343-3,3-3s3,1.343,3,3S13.657,15,12,15z M16.804,6.116c-0.596,0-1.08,0.484-1.08,1.08 s0.484,1.08,1.08,1.08c0.596,0,1.08-0.484,1.08-1.08S17.401,6.116,16.804,6.116z\"><\/path><\/svg><span class=\"wp-block-social-link-label screen-reader-text\">Instagram<\/span><\/a><\/li>\n\n<li class=\"wp-social-link wp-social-link-youtube  wp-block-social-link\"><a href=\"https:\/\/www.youtube.com\/@stltv974\" class=\"wp-block-social-link-anchor\" target=\"_blank\" rel=\"noopener\"><svg width=\"24\" height=\"24\" viewBox=\"0 0 24 24\" version=\"1.1\" xmlns=\"http:\/\/www.w3.org\/2000\/svg\" aria-hidden=\"true\" focusable=\"false\"><path d=\"M21.8,8.001c0,0-0.195-1.378-0.795-1.985c-0.76-0.797-1.613-0.801-2.004-0.847c-2.799-0.202-6.997-0.202-6.997-0.202 h-0.009c0,0-4.198,0-6.997,0.202C4.608,5.216,3.756,5.22,2.995,6.016C2.395,6.623,2.2,8.001,2.2,8.001S2,9.62,2,11.238v1.517 c0,1.618,0.2,3.237,0.2,3.237s0.195,1.378,0.795,1.985c0.761,0.797,1.76,0.771,2.205,0.855c1.6,0.153,6.8,0.201,6.8,0.201 s4.203-0.006,7.001-0.209c0.391-0.047,1.243-0.051,2.004-0.847c0.6-0.607,0.795-1.985,0.795-1.985s0.2-1.618,0.2-3.237v-1.517 C22,9.62,21.8,8.001,21.8,8.001z M9.935,14.594l-0.001-5.62l5.404,2.82L9.935,14.594z\"><\/path><\/svg><span class=\"wp-block-social-link-label screen-reader-text\">YouTube<\/span><\/a><\/li><\/ul>\n","protected":false},"excerpt":{"rendered":"<p>Un m\u00e9dia ancr\u00e9, vivant et engag\u00e9 ST LEU TV est une association m\u00e9dia r\u00e9unionnaise engag\u00e9e dans la valorisation du territoire, de la culture, du patrimoine, des \u00e9v\u00e9nements et des acteurs&#8230;<\/p>\n","protected":false},"author":1,"featured_media":0,"parent":0,"menu_order":0,"comment_status":"closed","ping_status":"closed","template":"","meta":{"_kad_post_transparent":"default","_kad_post_title":"","_kad_post_layout":"","_kad_post_sidebar_id":"","_kad_post_content_style":"","_kad_post_vertical_padding":"","_kad_post_feature":"","_kad_post_feature_position":"","_kad_post_header":false,"_kad_post_footer":false,"_kad_post_classname":"","footnotes":""},"class_list":["post-26","page","type-page","status-publish","hentry"],"_links":{"self":[{"href":"https:\/\/www.saintleutv.fr\/index.php?rest_route=\/wp\/v2\/pages\/26","targetHints":{"allow":["GET"]}}],"collection":[{"href":"https:\/\/www.saintleutv.fr\/index.php?rest_route=\/wp\/v2\/pages"}],"about":[{"href":"https:\/\/www.saintleutv.fr\/index.php?rest_route=\/wp\/v2\/types\/page"}],"author":[{"embeddable":true,"href":"https:\/\/www.saintleutv.fr\/index.php?rest_route=\/wp\/v2\/users\/1"}],"replies":[{"embeddable":true,"href":"https:\/\/www.saintleutv.fr\/index.php?rest_route=%2Fwp%2Fv2%2Fcomments&post=26"}],"version-history":[{"count":22,"href":"https:\/\/www.saintleutv.fr\/index.php?rest_route=\/wp\/v2\/pages\/26\/revisions"}],"predecessor-version":[{"id":238,"href":"https:\/\/www.saintleutv.fr\/index.php?rest_route=\/wp\/v2\/pages\/26\/revisions\/238"}],"wp:attachment":[{"href":"https:\/\/www.saintleutv.fr\/index.php?rest_route=%2Fwp%2Fv2%2Fmedia&parent=26"}],"curies":[{"name":"wp","href":"https:\/\/api.w.org\/{rel}","templated":true}]}}